{"id":2965,"date":"2024-04-05T10:19:59","date_gmt":"2024-04-05T08:19:59","guid":{"rendered":"https:\/\/inodorina.it\/?post_type=product&#038;p=2965"},"modified":"2025-02-05T11:40:46","modified_gmt":"2025-02-05T10:40:46","slug":"guanto-detergente-soft-touch-monouso","status":"publish","type":"product","link":"https:\/\/inodorina.it\/en\/product\/guanto-detergente-soft-touch-monouso\/","title":{"rendered":"Soft Touch Disposable Glove"},"content":{"rendered":"<p>Designed for cleaning and grooming dogs, cats, and puppies. An inner film isolates the hand from impurities, which are retained by the fabric. It allows for thorough cleaning without water and can be used regularly to keep the coat clean, shiny, and scented.<\/p>","protected":false},"excerpt":{"rendered":"<p>Il Guanto Detergente Inodorina Soft Touch Monouso \u00e8 studiato per la cura e la pulizia di cani, gatti e cuccioli. Una pellicola interna al guanto isola la mano dalle impurit\u00e0 che vengono trattenute dal tessuto. Inodorina Soft Touch consente una detersione accurata senza necessit\u00e0 di acqua. Pu\u00f2 essere usato con regolarit\u00e0 per mantenere il manto [&hellip;]<\/p>","protected":false},"featured_media":3923,"template":"","meta":{"_acf_changed":false},"filtro":[],"prodotto-in-arrivo":[],"product_brand":[163],"product_cat":[170,171,175,177,167],"product_tag":[],"class_list":{"0":"post-2965","1":"product","2":"type-product","3":"status-publish","4":"has-post-thumbnail","6":"product_brand-inodorina","7":"product_cat-cane","8":"product_cat-gatto","9":"product_cat-igiene","10":"product_cat-igiene-manto-e-cura","11":"product_cat-roditori","12":"product_shipping_class-spedizione-standard","14":"first","15":"instock","16":"taxable","17":"shipping-taxable","18":"purchasable","19":"product-type-variable"},"composite_virtual":false,"composite_layout":"","composite_add_to_cart_form_location":"","composite_editable_in_cart":false,"composite_sold_individually_context":"","composite_shop_price_calc":"","composite_components":[],"composite_scenarios":[],"acf":[],"yoast_head":"<!-- This site is optimized with the Yoast SEO plugin v26.8 - https:\/\/yoast.com\/product\/yoast-seo-wordpress\/ -->\n<title>Guanto Detergente Soft Touch Monouso - Inodorina<\/title>\n<meta name=\"robots\" content=\"index, follow, max-snippet:-1, max-image-preview:large, max-video-preview:-1\" \/>\n<link rel=\"canonical\" href=\"https:\/\/inodorina.it\/en\/product\/guanto-detergente-soft-touch-monouso\/\" \/>\n<meta property=\"og:locale\" content=\"en_US\" \/>\n<meta property=\"og:type\" content=\"article\" \/>\n<meta property=\"og:title\" content=\"Guanto Detergente Soft Touch Monouso - Inodorina\" \/>\n<meta property=\"og:description\" content=\"Il Guanto Detergente Inodorina Soft Touch Monouso \u00e8 studiato per la cura e la pulizia di cani, gatti e cuccioli. Una pellicola interna al guanto isola la mano dalle impurit\u00e0 che vengono trattenute dal tessuto. Inodorina Soft Touch consente una detersione accurata senza necessit\u00e0 di acqua. Pu\u00f2 essere usato con regolarit\u00e0 per mantenere il manto [&hellip;]\" \/>\n<meta property=\"og:url\" content=\"https:\/\/inodorina.it\/en\/product\/guanto-detergente-soft-touch-monouso\/\" \/>\n<meta property=\"og:site_name\" content=\"Inodorina\" \/>\n<meta property=\"article:modified_time\" content=\"2025-02-05T10:40:46+00:00\" \/>\n<meta property=\"og:image\" content=\"https:\/\/inodorina.it\/wp-content\/uploads\/2024\/11\/240.0010.004.webp\" \/>\n\t<meta property=\"og:image:width\" content=\"1000\" \/>\n\t<meta property=\"og:image:height\" content=\"1000\" \/>\n\t<meta property=\"og:image:type\" content=\"image\/webp\" \/>\n<meta name=\"twitter:card\" content=\"summary_large_image\" \/>\n<meta name=\"twitter:label1\" content=\"Est. reading time\" \/>\n\t<meta name=\"twitter:data1\" content=\"1 minute\" \/>\n<script type=\"application\/ld+json\" class=\"yoast-schema-graph\">{\"@context\":\"https:\/\/schema.org\",\"@graph\":[{\"@type\":\"WebPage\",\"@id\":\"https:\/\/inodorina.it\/prodotto\/guanto-detergente-soft-touch-monouso\/\",\"url\":\"https:\/\/inodorina.it\/prodotto\/guanto-detergente-soft-touch-monouso\/\",\"name\":\"Guanto Detergente Soft Touch Monouso - Inodorina\",\"isPartOf\":{\"@id\":\"https:\/\/inodorina.it\/#website\"},\"primaryImageOfPage\":{\"@id\":\"https:\/\/inodorina.it\/prodotto\/guanto-detergente-soft-touch-monouso\/#primaryimage\"},\"image\":{\"@id\":\"https:\/\/inodorina.it\/prodotto\/guanto-detergente-soft-touch-monouso\/#primaryimage\"},\"thumbnailUrl\":\"https:\/\/inodorina.it\/wp-content\/uploads\/2024\/11\/240.0010.004.webp\",\"datePublished\":\"2024-04-05T08:19:59+00:00\",\"dateModified\":\"2025-02-05T10:40:46+00:00\",\"breadcrumb\":{\"@id\":\"https:\/\/inodorina.it\/prodotto\/guanto-detergente-soft-touch-monouso\/#breadcrumb\"},\"inLanguage\":\"en-US\",\"potentialAction\":[{\"@type\":\"ReadAction\",\"target\":[\"https:\/\/inodorina.it\/prodotto\/guanto-detergente-soft-touch-monouso\/\"]}]},{\"@type\":\"ImageObject\",\"inLanguage\":\"en-US\",\"@id\":\"https:\/\/inodorina.it\/prodotto\/guanto-detergente-soft-touch-monouso\/#primaryimage\",\"url\":\"https:\/\/inodorina.it\/wp-content\/uploads\/2024\/11\/240.0010.004.webp\",\"contentUrl\":\"https:\/\/inodorina.it\/wp-content\/uploads\/2024\/11\/240.0010.004.webp\",\"width\":1000,\"height\":1000},{\"@type\":\"BreadcrumbList\",\"@id\":\"https:\/\/inodorina.it\/prodotto\/guanto-detergente-soft-touch-monouso\/#breadcrumb\",\"itemListElement\":[{\"@type\":\"ListItem\",\"position\":1,\"name\":\"Home\",\"item\":\"https:\/\/inodorina.it\/\"},{\"@type\":\"ListItem\",\"position\":2,\"name\":\"Shop\",\"item\":\"https:\/\/inodorina.it\/negozio\/\"},{\"@type\":\"ListItem\",\"position\":3,\"name\":\"Guanto Detergente Soft Touch Monouso\"}]},{\"@type\":\"WebSite\",\"@id\":\"https:\/\/inodorina.it\/#website\",\"url\":\"https:\/\/inodorina.it\/\",\"name\":\"Inodorina\",\"description\":\"\",\"publisher\":{\"@id\":\"https:\/\/inodorina.it\/#organization\"},\"potentialAction\":[{\"@type\":\"SearchAction\",\"target\":{\"@type\":\"EntryPoint\",\"urlTemplate\":\"https:\/\/inodorina.it\/?s={search_term_string}\"},\"query-input\":{\"@type\":\"PropertyValueSpecification\",\"valueRequired\":true,\"valueName\":\"search_term_string\"}}],\"inLanguage\":\"en-US\"},{\"@type\":\"Organization\",\"@id\":\"https:\/\/inodorina.it\/#organization\",\"name\":\"Inodorina\",\"url\":\"https:\/\/inodorina.it\/\",\"logo\":{\"@type\":\"ImageObject\",\"inLanguage\":\"en-US\",\"@id\":\"https:\/\/inodorina.it\/#\/schema\/logo\/image\/\",\"url\":\"https:\/\/inodorina.it\/wp-content\/uploads\/2023\/10\/logo-Inodorina-viola.svg\",\"contentUrl\":\"https:\/\/inodorina.it\/wp-content\/uploads\/2023\/10\/logo-Inodorina-viola.svg\",\"width\":95,\"height\":48,\"caption\":\"Inodorina\"},\"image\":{\"@id\":\"https:\/\/inodorina.it\/#\/schema\/logo\/image\/\"}}]}<\/script>\n<!-- \/ Yoast SEO plugin. -->","yoast_head_json":{"title":"Guanto Detergente Soft Touch Monouso - Inodorina","robots":{"index":"index","follow":"follow","max-snippet":"max-snippet:-1","max-image-preview":"max-image-preview:large","max-video-preview":"max-video-preview:-1"},"canonical":"https:\/\/inodorina.it\/en\/product\/guanto-detergente-soft-touch-monouso\/","og_locale":"en_US","og_type":"article","og_title":"Guanto Detergente Soft Touch Monouso - Inodorina","og_description":"Il Guanto Detergente Inodorina Soft Touch Monouso \u00e8 studiato per la cura e la pulizia di cani, gatti e cuccioli. Una pellicola interna al guanto isola la mano dalle impurit\u00e0 che vengono trattenute dal tessuto. Inodorina Soft Touch consente una detersione accurata senza necessit\u00e0 di acqua. Pu\u00f2 essere usato con regolarit\u00e0 per mantenere il manto [&hellip;]","og_url":"https:\/\/inodorina.it\/en\/product\/guanto-detergente-soft-touch-monouso\/","og_site_name":"Inodorina","article_modified_time":"2025-02-05T10:40:46+00:00","og_image":[{"width":1000,"height":1000,"url":"https:\/\/inodorina.it\/wp-content\/uploads\/2024\/11\/240.0010.004.webp","type":"image\/webp"}],"twitter_card":"summary_large_image","twitter_misc":{"Est. reading time":"1 minute"},"schema":{"@context":"https:\/\/schema.org","@graph":[{"@type":"WebPage","@id":"https:\/\/inodorina.it\/prodotto\/guanto-detergente-soft-touch-monouso\/","url":"https:\/\/inodorina.it\/prodotto\/guanto-detergente-soft-touch-monouso\/","name":"Guanto Detergente Soft Touch Monouso - Inodorina","isPartOf":{"@id":"https:\/\/inodorina.it\/#website"},"primaryImageOfPage":{"@id":"https:\/\/inodorina.it\/prodotto\/guanto-detergente-soft-touch-monouso\/#primaryimage"},"image":{"@id":"https:\/\/inodorina.it\/prodotto\/guanto-detergente-soft-touch-monouso\/#primaryimage"},"thumbnailUrl":"https:\/\/inodorina.it\/wp-content\/uploads\/2024\/11\/240.0010.004.webp","datePublished":"2024-04-05T08:19:59+00:00","dateModified":"2025-02-05T10:40:46+00:00","breadcrumb":{"@id":"https:\/\/inodorina.it\/prodotto\/guanto-detergente-soft-touch-monouso\/#breadcrumb"},"inLanguage":"en-US","potentialAction":[{"@type":"ReadAction","target":["https:\/\/inodorina.it\/prodotto\/guanto-detergente-soft-touch-monouso\/"]}]},{"@type":"ImageObject","inLanguage":"en-US","@id":"https:\/\/inodorina.it\/prodotto\/guanto-detergente-soft-touch-monouso\/#primaryimage","url":"https:\/\/inodorina.it\/wp-content\/uploads\/2024\/11\/240.0010.004.webp","contentUrl":"https:\/\/inodorina.it\/wp-content\/uploads\/2024\/11\/240.0010.004.webp","width":1000,"height":1000},{"@type":"BreadcrumbList","@id":"https:\/\/inodorina.it\/prodotto\/guanto-detergente-soft-touch-monouso\/#breadcrumb","itemListElement":[{"@type":"ListItem","position":1,"name":"Home","item":"https:\/\/inodorina.it\/"},{"@type":"ListItem","position":2,"name":"Shop","item":"https:\/\/inodorina.it\/negozio\/"},{"@type":"ListItem","position":3,"name":"Guanto Detergente Soft Touch Monouso"}]},{"@type":"WebSite","@id":"https:\/\/inodorina.it\/#website","url":"https:\/\/inodorina.it\/","name":"Inodorina","description":"","publisher":{"@id":"https:\/\/inodorina.it\/#organization"},"potentialAction":[{"@type":"SearchAction","target":{"@type":"EntryPoint","urlTemplate":"https:\/\/inodorina.it\/?s={search_term_string}"},"query-input":{"@type":"PropertyValueSpecification","valueRequired":true,"valueName":"search_term_string"}}],"inLanguage":"en-US"},{"@type":"Organization","@id":"https:\/\/inodorina.it\/#organization","name":"Inodorina","url":"https:\/\/inodorina.it\/","logo":{"@type":"ImageObject","inLanguage":"en-US","@id":"https:\/\/inodorina.it\/#\/schema\/logo\/image\/","url":"https:\/\/inodorina.it\/wp-content\/uploads\/2023\/10\/logo-Inodorina-viola.svg","contentUrl":"https:\/\/inodorina.it\/wp-content\/uploads\/2023\/10\/logo-Inodorina-viola.svg","width":95,"height":48,"caption":"Inodorina"},"image":{"@id":"https:\/\/inodorina.it\/#\/schema\/logo\/image\/"}}]}},"_links":{"self":[{"href":"https:\/\/inodorina.it\/en\/wp-json\/wp\/v2\/product\/2965","targetHints":{"allow":["GET"]}}],"collection":[{"href":"https:\/\/inodorina.it\/en\/wp-json\/wp\/v2\/product"}],"about":[{"href":"https:\/\/inodorina.it\/en\/wp-json\/wp\/v2\/types\/product"}],"wp:featuredmedia":[{"embeddable":true,"href":"https:\/\/inodorina.it\/en\/wp-json\/wp\/v2\/media\/3923"}],"wp:attachment":[{"href":"https:\/\/inodorina.it\/en\/wp-json\/wp\/v2\/media?parent=2965"}],"wp:term":[{"taxonomy":"filtro","embeddable":true,"href":"https:\/\/inodorina.it\/en\/wp-json\/wp\/v2\/filtro?post=2965"},{"taxonomy":"prodotto-in-arrivo","embeddable":true,"href":"https:\/\/inodorina.it\/en\/wp-json\/wp\/v2\/prodotto-in-arrivo?post=2965"},{"taxonomy":"product_brand","embeddable":true,"href":"https:\/\/inodorina.it\/en\/wp-json\/wp\/v2\/product_brand?post=2965"},{"taxonomy":"product_cat","embeddable":true,"href":"https:\/\/inodorina.it\/en\/wp-json\/wp\/v2\/product_cat?post=2965"},{"taxonomy":"product_tag","embeddable":true,"href":"https:\/\/inodorina.it\/en\/wp-json\/wp\/v2\/product_tag?post=2965"}],"curies":[{"name":"wp","href":"https:\/\/api.w.org\/{rel}","templated":true}]}}